{"id":247,"date":"2021-04-29T03:36:59","date_gmt":"2021-04-29T03:36:59","guid":{"rendered":"https:\/\/www.daichusouth.com\/contact\/"},"modified":"2024-08-03T09:43:13","modified_gmt":"2024-08-03T09:43:13","slug":"contact","status":"publish","type":"page","link":"https:\/\/www.daichusouth.com\/en\/contact\/","title":{"rendered":"Contact"},"content":{"rendered":"<style>\/*! elementor - v3.23.0 - 25-07-2024 *\/\n.elementor-widget-image-box .elementor-image-box-content{width:100%}@media (min-width:768px){.elementor-widget-image-box.elementor-position-left .elementor-image-box-wrapper,.elementor-widget-image-box.elementor-position-right .elementor-image-box-wrapper{display:flex}.elementor-widget-image-box.elementor-position-right .elementor-image-box-wrapper{text-align:end;flex-direction:row-reverse}.elementor-widget-image-box.elementor-position-left .elementor-image-box-wrapper{text-align:start;flex-direction:row}.elementor-widget-image-box.elementor-position-top .elementor-image-box-img{margin:auto}.elementor-widget-image-box.elementor-vertical-align-top .elementor-image-box-wrapper{align-items:flex-start}.elementor-widget-image-box.elementor-vertical-align-middle .elementor-image-box-wrapper{align-items:center}.elementor-widget-image-box.elementor-vertical-align-bottom .elementor-image-box-wrapper{align-items:flex-end}}@media (max-width:767px){.elementor-widget-image-box .elementor-image-box-img{margin-left:auto!important;margin-right:auto!important;margin-bottom:15px}}.elementor-widget-image-box .elementor-image-box-img{display:inline-block}.elementor-widget-image-box .elementor-image-box-title a{color:inherit}.elementor-widget-image-box .elementor-image-box-wrapper{text-align:center}.elementor-widget-image-box .elementor-image-box-description{margin:0}<\/style>\n<h1>Li\u00ean H\u1ec7<\/h1>\n<p>B\u1ea1n c\u00f3 th\u1ec3 d\u00f9ng nhi\u1ec1u c\u00e1ch \u0111\u1ec3 li\u00ean l\u1ea1c v\u1edbi ch\u00fang t\u00f4i.<\/p>\n<style>\/*! elementor - v3.23.0 - 25-07-2024 *\/\n.elementor-heading-title{padding:0;margin:0;line-height:1}.elementor-widget-heading .elementor-heading-title[class*=elementor-size-]>a{color:inherit;font-size:inherit;line-height:inherit}.elementor-widget-heading .elementor-heading-title.elementor-size-small{font-size:15px}.elementor-widget-heading .elementor-heading-title.elementor-size-medium{font-size:19px}.elementor-widget-heading .elementor-heading-title.elementor-size-large{font-size:29px}.elementor-widget-heading .elementor-heading-title.elementor-size-xl{font-size:39px}.elementor-widget-heading .elementor-heading-title.elementor-size-xxl{font-size:59px}<\/style>\n<h2>Ch\u00fang t\u00f4i s\u1ebd ph\u1ea3n h\u1ed3i \u0111\u1ebfn b\u1ea1n s\u1edbm nh\u1ea5t.<\/h2>\n<p>B\u1ea1n c\u00f3 th\u1ec3 email \u0111\u1ebfn \u0111\u1ecba ch\u1ec9 n\u00e0y:<br \/><strong><a href=\"mailto:info@daichusouth.com\">info@daichusouth.com<\/a><\/strong><br \/>Ho\u1eb7c \u0111i\u1ec1n v\u00e0o m\u1ee5c li\u00ean l\u1ea1c.<\/p>\n<h3>G\u1eedi tin nh\u1eafn cho ch\u00fang t\u00f4i<\/h3>\n<form id=\"wpforms-form-1179\" data-formid=\"1179\" method=\"post\" enctype=\"multipart\/form-data\" action=\"\/wp-admin\/admin-ajax.php\" data-token=\"5530d81a0f6a869868f64db08d13cee7\" data-token-time=\"1722678193\"><noscript>Please enable JavaScript in your browser to complete this form.<\/noscript><label for=\"wpforms-1179-field_0\">T\u00ean *<\/label><input type=\"text\" id=\"wpforms-1179-field_0\" name=\"wpforms[fields][0][first]\" placeholder=\"T\u00ean\" required><label for=\"wpforms-1179-field_0\">First<\/label><input type=\"text\" id=\"wpforms-1179-field_0-last\" name=\"wpforms[fields][0][last]\" placeholder=\"H\u1ecd\" required><label for=\"wpforms-1179-field_0-last\">Last<\/label><label for=\"wpforms-1179-field_1\">Email *<\/label><input type=\"email\" id=\"wpforms-1179-field_1\" name=\"wpforms[fields][1]\" placeholder=\"\u0110\u1ecba ch\u1ec9 email c\u1ee7a b\u1ea1n\" spellcheck=\"false\" required><label for=\"wpforms-1179-field_2\">Tin nh\u1eafn *<\/label><textarea id=\"wpforms-1179-field_2\" name=\"wpforms[fields][2]\" placeholder=\"B\u1ea1n c\u00f3 th\u1ec3 g\u00f5 tin nh\u1eafn c\u1ee7a b\u1ea1n \u1edf \u0111\u00e2y.\" required><\/textarea><!-- .wpforms-field-container --><input type=\"text\" name=\"g-recaptcha-hidden\" style=\"position:absolute!important;clip:rect(0,0,0,0)!important;height:1px!important;width:1px!important;border:0!important;overflow:hidden!important;padding:0!important;margin:0!important;\" data-rule-recaptcha=\"1\"><input type=\"hidden\" name=\"wpforms[id]\" value=\"1179\">\t\t\t<input\n\t\t\t\ttype=\"hidden\"\n\t\t\t\tname=\"wpforms[nonce]\"\n\t\t\t\tvalue=\"2b8425d12c\"\n\t\t\t\/><br \/>\n\t\t\t<input type=\"hidden\" name=\"page_title\" value=\"\"><input type=\"hidden\" name=\"page_url\" value=\"https:\/\/www.daichusouth.com\/wp-admin\/admin-ajax.php\"><button type=\"submit\" name=\"wpforms[submit]\" id=\"wpforms-submit-1179\" data-alt-text=\"Sending...\" data-submit-text=\"G\u1eedi\" aria-live=\"assertive\" value=\"wpforms-submit\">G\u1eedi<\/button><\/form>\n<p>  <!-- .wpforms-container -->\t\t<\/p>\n<style>\/*! elementor - v3.23.0 - 25-07-2024 *\/\n.elementor-widget-image{text-align:center}.elementor-widget-image a{display:inline-block}.elementor-widget-image a img[src$=\".svg\"]{width:48px}.elementor-widget-image img{vertical-align:middle;display:inline-block}<\/style>\n<p>\t\t\t\t\t\t\t\t\t\t<img decoding=\"async\" src=\"https:\/\/www.daichusouth.com\/wp-content\/uploads\/elementor\/thumbs\/P13-q9e8lm1dgjqmadallzabtaxacl58fpnfv6ftwyam0w.jpg\" title=\"P13\" alt=\"P13\" loading=\"lazy\" \/>\t\t\t\t\t\t\t\t\t\t\t\t\t<\/p>\n<h2>Ho\u1eb7c b\u1ea1n c\u00f3 th\u1ec3 ch\u1ec9 c\u1ea7n g\u1ecdi cho ch\u00fang t\u00f4i!<\/p>\n<p>(+84) 0938156903<\/h2>\n","protected":false},"excerpt":{"rendered":"<p>Li\u00ean H\u1ec7 B\u1ea1n c\u00f3 th\u1ec3 d\u00f9ng nhi\u1ec1u c\u00e1ch \u0111\u1ec3 li\u00ean l\u1ea1c v\u1edbi ch\u00fang t\u00f4i. Ch\u00fang t\u00f4i s\u1ebd ph\u1ea3n h\u1ed3i \u0111\u1ebfn b\u1ea1n s\u1edbm nh\u1ea5t. B\u1ea1n c\u00f3 th\u1ec3 email \u0111\u1ebfn \u0111\u1ecba ch\u1ec9 n\u00e0y:info@daichusouth.comHo\u1eb7c \u0111i\u1ec1n v\u00e0o m\u1ee5c li\u00ean l\u1ea1c. G\u1eedi tin nh\u1eafn cho ch\u00fang t\u00f4i Please enable JavaScript in your browser to complete this form.T\u00ean *FirstLastEmail *Tin nh\u1eafn [&hellip;]<\/p>\n","protected":false},"author":1,"featured_media":0,"parent":0,"menu_order":0,"comment_status":"closed","ping_status":"closed","template":"","meta":{"site-sidebar-layout":"no-sidebar","site-content-layout":"page-builder","ast-site-content-layout":"default","site-content-style":"default","site-sidebar-style":"default","ast-global-header-display":"","ast-banner-title-visibility":"","ast-main-header-display":"","ast-hfb-above-header-display":"","ast-hfb-below-header-display":"","ast-hfb-mobile-header-display":"","site-post-title":"disabled","ast-breadcrumbs-content":"","ast-featured-img":"disabled","footer-sml-layout":"","ast-disable-related-posts":"","theme-transparent-header-meta":"enabled","adv-header-id-meta":"","stick-header-meta":"","header-above-stick-meta":"","header-main-stick-meta":"","header-below-stick-meta":"","astra-migrate-meta-layouts":"default","ast-page-background-enabled":"default","ast-page-background-meta":{"desktop":{"background-color":"","background-image":"","background-repeat":"repeat","background-position":"center center","background-size":"auto","background-attachment":"scroll","background-type":"","background-media":"","overlay-type":"","overlay-color":"","overlay-opacity":"","overlay-gradient":""},"tablet":{"background-color":"","background-image":"","background-repeat":"repeat","background-position":"center center","background-size":"auto","background-attachment":"scroll","background-type":"","background-media":"","overlay-type":"","overlay-color":"","overlay-opacity":"","overlay-gradient":""},"mobile":{"background-color":"","background-image":"","background-repeat":"repeat","background-position":"center center","background-size":"auto","background-attachment":"scroll","background-type":"","background-media":"","overlay-type":"","overlay-color":"","overlay-opacity":"","overlay-gradient":""}},"ast-content-background-meta":{"desktop":{"background-color":"var(--ast-global-color-5)","background-image":"","background-repeat":"repeat","background-position":"center center","background-size":"auto","background-attachment":"scroll","background-type":"","background-media":"","overlay-type":"","overlay-color":"","overlay-opacity":"","overlay-gradient":""},"tablet":{"background-color":"var(--ast-global-color-5)","background-image":"","background-repeat":"repeat","background-position":"center center","background-size":"auto","background-attachment":"scroll","background-type":"","background-media":"","overlay-type":"","overlay-color":"","overlay-opacity":"","overlay-gradient":""},"mobile":{"background-color":"var(--ast-global-color-5)","background-image":"","background-repeat":"repeat","background-position":"center center","background-size":"auto","background-attachment":"scroll","background-type":"","background-media":"","overlay-type":"","overlay-color":"","overlay-opacity":"","overlay-gradient":""}},"footnotes":""},"_links":{"self":[{"href":"https:\/\/www.daichusouth.com\/en\/wp-json\/wp\/v2\/pages\/247"}],"collection":[{"href":"https:\/\/www.daichusouth.com\/en\/wp-json\/wp\/v2\/pages"}],"about":[{"href":"https:\/\/www.daichusouth.com\/en\/wp-json\/wp\/v2\/types\/page"}],"author":[{"embeddable":true,"href":"https:\/\/www.daichusouth.com\/en\/wp-json\/wp\/v2\/users\/1"}],"replies":[{"embeddable":true,"href":"https:\/\/www.daichusouth.com\/en\/wp-json\/wp\/v2\/comments?post=247"}],"version-history":[{"count":73,"href":"https:\/\/www.daichusouth.com\/en\/wp-json\/wp\/v2\/pages\/247\/revisions"}],"predecessor-version":[{"id":2196,"href":"https:\/\/www.daichusouth.com\/en\/wp-json\/wp\/v2\/pages\/247\/revisions\/2196"}],"wp:attachment":[{"href":"https:\/\/www.daichusouth.com\/en\/wp-json\/wp\/v2\/media?parent=247"}],"curies":[{"name":"wp","href":"https:\/\/api.w.org\/{rel}","templated":true}]}}