{"id":245,"date":"2021-04-29T03:36:58","date_gmt":"2021-04-29T03:36:58","guid":{"rendered":"https:\/\/www.daichusouth.com\/about\/"},"modified":"2024-08-03T06:41:11","modified_gmt":"2024-08-03T06:41:11","slug":"products","status":"publish","type":"page","link":"https:\/\/www.daichusouth.com\/en\/products\/","title":{"rendered":"Products"},"content":{"rendered":"<style>\/*! elementor - v3.23.0 - 25-07-2024 *\/\n.elementor-widget-image-box .elementor-image-box-content{width:100%}@media (min-width:768px){.elementor-widget-image-box.elementor-position-left .elementor-image-box-wrapper,.elementor-widget-image-box.elementor-position-right .elementor-image-box-wrapper{display:flex}.elementor-widget-image-box.elementor-position-right .elementor-image-box-wrapper{text-align:end;flex-direction:row-reverse}.elementor-widget-image-box.elementor-position-left .elementor-image-box-wrapper{text-align:start;flex-direction:row}.elementor-widget-image-box.elementor-position-top .elementor-image-box-img{margin:auto}.elementor-widget-image-box.elementor-vertical-align-top .elementor-image-box-wrapper{align-items:flex-start}.elementor-widget-image-box.elementor-vertical-align-middle .elementor-image-box-wrapper{align-items:center}.elementor-widget-image-box.elementor-vertical-align-bottom .elementor-image-box-wrapper{align-items:flex-end}}@media (max-width:767px){.elementor-widget-image-box .elementor-image-box-img{margin-left:auto!important;margin-right:auto!important;margin-bottom:15px}}.elementor-widget-image-box .elementor-image-box-img{display:inline-block}.elementor-widget-image-box .elementor-image-box-title a{color:inherit}.elementor-widget-image-box .elementor-image-box-wrapper{text-align:center}.elementor-widget-image-box .elementor-image-box-description{margin:0}<\/style>\n<h1>S\u1ea3n Ph\u1ea9m <\/h1>\n<p>Ch\u00fang t\u00f4i cung c\u1ea5p hai lo\u1ea1i s\u1ea3n ph\u1ea9m Tr\u1ea7n, T\u01b0\u1eddng Ti\u00eau \u00c2m v\u00e0 C\u00e1ch \u00c2m c\u1ee7a t\u1eadp \u0111o\u00e0n Knauf Ceiling Solutions. B\u1ea1n c\u00f3 th\u1ec3 xem chi ti\u1ebft d\u01b0\u1edbi \u0111\u00e2y.<\/p>\n<style>\/*! elementor - v3.23.0 - 25-07-2024 *\/\n.elementor-widget-image{text-align:center}.elementor-widget-image a{display:inline-block}.elementor-widget-image a img[src$=\".svg\"]{width:48px}.elementor-widget-image img{vertical-align:middle;display:inline-block}<\/style>\n<p>\t\t\t\t\t\t\t\t\t\t<img decoding=\"async\" src=\"https:\/\/www.daichusouth.com\/wp-content\/uploads\/elementor\/thumbs\/P09-q9e7wnfnyxlmwc8g1c7wntcn7x2qkuieylrbhx4gns.jpg\" title=\"P09\" alt=\"P09\" loading=\"lazy\" \/>\t\t\t\t\t\t\t\t\t\t\t\t\t<\/p>\n<style>\/*! elementor - v3.23.0 - 25-07-2024 *\/\n.elementor-heading-title{padding:0;margin:0;line-height:1}.elementor-widget-heading .elementor-heading-title[class*=elementor-size-]>a{color:inherit;font-size:inherit;line-height:inherit}.elementor-widget-heading .elementor-heading-title.elementor-size-small{font-size:15px}.elementor-widget-heading .elementor-heading-title.elementor-size-medium{font-size:19px}.elementor-widget-heading .elementor-heading-title.elementor-size-large{font-size:29px}.elementor-widget-heading .elementor-heading-title.elementor-size-xl{font-size:39px}.elementor-widget-heading .elementor-heading-title.elementor-size-xxl{font-size:59px}<\/style>\n<h2>T\u1ea5m s\u1ee3i g\u1ed7 KNAUF HERADESIGN\u00ae t\u1eeb \u00c1o<br \/>\u1ee8ng d\u1ee5ng: Tr\u1ea7n v\u00e0 T\u01b0\u1eddng<\/h2>\n<p>G\u1ed7, N\u01b0\u1edbc v\u00e0 Magnesite l\u00e0 nh\u1eefng th\u00e0nh ph\u1ea7n ch\u00ednh c\u1ee7a t\u1ea5m Ti\u00eau \u00c2m HERADESIGN\u00ae. To\u00e0n b\u1ed9 v\u1eadt li\u1ec7u n\u00e0y \u0111\u01b0\u1ee3c ch\u1ee9ng minh an to\u00e0n cho c\u00f4ng tr\u00ecnh x\u00e2y d\u1ef1ng t\u1eeb n\u0103m 1908 \u0111\u1ebfn nay. C\u00e1c t\u1ea5m s\u1ee3i g\u1ed7 HERADESIGN\u00ae \u0111\u01b0\u1ee3c li\u00ean k\u1ebft b\u1edfi magnesite l\u00e0 s\u1ea3n ph\u1ea9m t\u1ef1 nhi\u00ean v\u00e0 \u0111\u00e1p \u1ee9ng xu h\u01b0\u1edbng xanh b\u1ec1n v\u1eefng ng\u00e0y nay. Li\u00ean k\u1ebft b\u1eb1ng magnesite (thay v\u00ec xi-m\u0103ng ho\u1eb7c keo) l\u00e0m cho HERADESIGN\u00ae kh\u00e1c bi\u1ec7t v\u1edbi nh\u1eefng t\u1ea5m s\u1ee3i g\u1ed7 kh\u00e1c. Magnesite c\u0169ng l\u00e0 th\u00e0nh ph\u1ea7n ch\u00ednh gi\u00fap HERADESIGN\u00ae \u0111\u1ea1t \u0111\u01b0\u1ee3c nhi\u1ec1u ch\u1ee9ng ch\u1ec9 xanh<\/p>\n<p>Video s\u1ea3n xu\u1ea5t:<br \/><a style=\"font-style: inherit;\" href=\"https:\/\/www.youtube.com\/watch?v=EVf6UOWphqc\" target=\"_blank\" rel=\"noopener\"><b>Knauf Heradesign YouTube Video<\/b><\/a><\/p>\n<h3>T\u1ea1i sao b\u1ea1n ch\u1ecdn HERADESIGN\u00ae?<\/h3>\n<p>Nhu c\u1ea7u v\u1ec1 kh\u00f4ng gian sinh ho\u1ea1t tho\u1ea3i m\u00e1i hi\u1ec7n c\u1ea5p b\u00e1ch h\u01a1n bao gi\u1edd h\u1ebft. \u0110\u00e2y l\u00e0 th\u00e1ch th\u1ee9c cho c\u00e1c ki\u1ebfn tr\u00fac s\u01b0 v\u00e0 ch\u1ee7 \u0111\u1ea7u t\u01b0. Ch\u00fang t\u00f4i mong mu\u1ed1n g\u00f3p ph\u1ea7n gi\u1ea3i ph\u00e1p cho th\u00e1ch th\u1ee9c n\u00e0y. H\u1ec7 tr\u1ea7n v\u00e0 t\u01b0\u1eddng HERADESIGN\u00ae \u0111\u00e3 gi\u00fap gi\u1ea3i quy\u1ebft nhu c\u1ea7u ph\u1ee9c t\u1ea1p c\u1ee7a \u00e2m h\u1ecdc trong nhi\u1ec1u th\u1eadp k\u1ef7. \u00c2m thanh l\u00e0 m\u1ed9t trong nh\u1eefng y\u1ebfu t\u1ed1 quan tr\u1ecdng nh\u1ea5t \u1ea3nh h\u01b0\u1edfng \u0111\u1ebfn s\u1ee9c kh\u1ecfe v\u00e0 t\u00e2m tr\u1ea1ng c\u1ee7a con ng\u01b0\u1eddi \u2013 ngay c\u1ea3 khi ch\u00fang ta c\u00f3 th\u1ec3 ch\u01b0a nh\u1eadn th\u1ee9c \u0111\u01b0\u1ee3c \u0111i\u1ec1u \u0111\u00f3.<\/p>\n<h3>L\u1ee3i \u00edch c\u1ee7a HERADESIGN\u00ae:<\/h3>\n<link rel=\"stylesheet\" href=\"https:\/\/www.daichusouth.com\/wp-content\/plugins\/elementor\/assets\/css\/widget-icon-list.min.css\">\n<ul>\n<li>\n\t\t\t\t\t\t\t\t\t\tThi\u1ebft k\u1ebf linh ho\u1ea1t (h\u00ecnh d\u1ea1ng, m\u00e0u s\u1eafc)\n\t\t\t\t\t\t\t\t\t<\/li>\n<li>\n\t\t\t\t\t\t\t\t\t\tTi\u00eau \u00e2m NRC \u0111\u1ea1t 40% &#8211; 100% theo ti\u00eau chu\u1ea9n ASTM\n\t\t\t\t\t\t\t\t\t<\/li>\n<li>\n\t\t\t\t\t\t\t\t\t\tH\u1ea1n ch\u1ebf lan ch\u00e1y \u0111\u1ea1t B-s1-d0 theo ti\u00eau chu\u1ea9n EN\n\t\t\t\t\t\t\t\t\t<\/li>\n<li>\n\t\t\t\t\t\t\t\t\t\t\u0110\u1ea1t chu\u1ea9n EPD cho t\u00f2a nh\u00e0 LEED, WELL, LOTUS\n\t\t\t\t\t\t\t\t\t<\/li>\n<li>\n\t\t\t\t\t\t\t\t\t\t\u0110\u1ea1t chu\u1ea9n SGBP c\u1ee7a Singapore cho t\u00f2a nh\u00e0 GREENMARK\n\t\t\t\t\t\t\t\t\t<\/li>\n<li>\n\t\t\t\t\t\t\t\t\t\t\u0110\u1ea1t chu\u1ea9n FSC\n\t\t\t\t\t\t\t\t\t<\/li>\n<li>\n\t\t\t\t\t\t\t\t\t\tH\u1ea1n ch\u1ebf m\u1ed1i m\u1ecdt\n\t\t\t\t\t\t\t\t\t<\/li>\n<\/ul>\n<h2>T\u1ea5m s\u1ee3i kho\u00e1ng KNAUF THERMATEX t\u1eeb \u0110\u1ee9c<br \/>\u1ee8ng d\u1ee5ng: Tr\u1ea7n<br \/>\n<\/h2>\n<p>S\u1ee3i kho\u00e1ng l\u00e0 v\u1eadt li\u1ec7u duy nh\u1ea5t c\u00f3 th\u1ec3 c\u00f9ng l\u00fac \u0111\u00f3ng g\u00f3p c\u1ea3 NRC (H\u1ec7 s\u1ed1 ti\u00eau \u00e2m) v\u00e0 CAC (H\u1ec7 s\u1ed1 c\u00e1ch \u00e2m) l\u00e0m cho \u00e2m thanh r\u00f5 h\u01a1n m\u00e0 v\u1eabn \u0111\u1ea3m b\u1ea3o s\u1ef1 ri\u00eang t\u01b0 v\u1edbi kh\u00f4ng gian li\u1ec1n k\u1ec1.<\/p>\n<p><strong>L\u1ee3i \u00edch c\u1ee7a THERMATEX:<\/strong><\/p>\n<ul>\n<li>\n\t\t\t\t\t\t\t\t\t\t\u0110a d\u1ea1ng b\u1ec1 m\u1eb7t (Mercure, Star, Thermofon)\n\t\t\t\t\t\t\t\t\t<\/li>\n<li>\n\t\t\t\t\t\t\t\t\t\tTi\u00eau \u00e2m NRC \u0111\u1ea1t 60% &#8211; 85% theo ti\u00eau chu\u1ea9n ASTM\n\t\t\t\t\t\t\t\t\t<\/li>\n<li>\n\t\t\t\t\t\t\t\t\t\tC\u00e1ch \u00e2m CAC \u0111\u1ea1t 28dB \u2013 34dB theo ti\u00eau chu\u1ea9n ASTM\n\t\t\t\t\t\t\t\t\t<\/li>\n<li>\n\t\t\t\t\t\t\t\t\t\tH\u1ea1n ch\u1ebf lan ch\u00e1y \u0111\u1ea1t A2-s1-d0 theo ti\u00eau chu\u1ea9n EN\n\t\t\t\t\t\t\t\t\t<\/li>\n<li>\n\t\t\t\t\t\t\t\t\t\t\u0110\u1ea1t chu\u1ea9n EPD cho t\u00f2a nh\u00e0 LEED, WELL, LOTUS\n\t\t\t\t\t\t\t\t\t<\/li>\n<li>\n\t\t\t\t\t\t\t\t\t\t\u0110\u1ea1t chu\u1ea9n SGBP c\u1ee7a Singapore cho t\u00f2a nh\u00e0 GREENMARK\n\t\t\t\t\t\t\t\t\t<\/li>\n<li>\n\t\t\t\t\t\t\t\t\t\t\u0110at chu\u1ea9n V\u00e0ng Kh\u00f4ng Kh\u00ed Trong Nh\u00e0  cho t\u00f2a nh\u00e0 LEED, WELL, LOTUS\n\t\t\t\t\t\t\t\t\t<\/li>\n<li>\n\t\t\t\t\t\t\t\t\t\t\u0110\u1ea1t chu\u1ea9n ph\u00f2ng s\u1ea1ch, c\u1ea5p \u0111\u1ed9 4 theo ti\u00eau chu\u1ea9n ISO (t\u1ea5m Thermofon)\n\t\t\t\t\t\t\t\t\t<\/li>\n<\/ul>\n<p>\t\t\t\t\t\t\t\t\t\t\t\t\t<img decoding=\"async\" loading=\"lazy\" width=\"563\" height=\"750\" src=\"https:\/\/www.daichusouth.com\/wp-content\/uploads\/2023\/07\/P10.jpg\" alt=\"\" srcset=\"https:\/\/www.daichusouth.com\/wp-content\/uploads\/2023\/07\/P10.jpg 563w, https:\/\/www.daichusouth.com\/wp-content\/uploads\/2023\/07\/P10-225x300.jpg 225w, https:\/\/www.daichusouth.com\/wp-content\/uploads\/2023\/07\/P10-9x12.jpg 9w\" sizes=\"(max-width: 563px) 100vw, 563px\" \/><br \/>\n\t\t\t\t\t\t\t\t\t\t\t\t\t<img decoding=\"async\" src=\"https:\/\/www.daichusouth.com\/wp-content\/uploads\/elementor\/thumbs\/P11-q9e8dd0dgwg0dla1sew7xdvmmtt8vcw9ecae9ij0n4.jpg\" title=\"P11\" alt=\"P11\" loading=\"lazy\" \/>\t\t\t\t\t\t\t\t\t\t\t\t\t<\/p>\n<h2>\u0110\u1eebng ng\u1ea7n ng\u1ea1i li\u00ean h\u1ec7 v\u1edbi ch\u00fang t\u00f4i.<\/h2>\n<p>\t\t\t<a href=\"https:\/\/www.daichusouth.com\/contact\/\"><br \/>\n\t\t\t\t\t\t\t\t\tLi\u00ean H\u1ec7<br \/>\n\t\t\t\t\t<\/a><\/p>\n","protected":false},"excerpt":{"rendered":"<p>S\u1ea3n Ph\u1ea9m Ch\u00fang t\u00f4i cung c\u1ea5p hai lo\u1ea1i s\u1ea3n ph\u1ea9m Tr\u1ea7n, T\u01b0\u1eddng Ti\u00eau \u00c2m v\u00e0 C\u00e1ch \u00c2m c\u1ee7a t\u1eadp \u0111o\u00e0n Knauf Ceiling Solutions. B\u1ea1n c\u00f3 th\u1ec3 xem chi ti\u1ebft d\u01b0\u1edbi \u0111\u00e2y. T\u1ea5m s\u1ee3i g\u1ed7 KNAUF HERADESIGN\u00ae t\u1eeb \u00c1o\u1ee8ng d\u1ee5ng: Tr\u1ea7n v\u00e0 T\u01b0\u1eddng G\u1ed7, N\u01b0\u1edbc v\u00e0 Magnesite l\u00e0 nh\u1eefng th\u00e0nh ph\u1ea7n ch\u00ednh c\u1ee7a t\u1ea5m Ti\u00eau \u00c2m [&hellip;]<\/p>\n","protected":false},"author":1,"featured_media":0,"parent":0,"menu_order":0,"comment_status":"closed","ping_status":"closed","template":"","meta":{"site-sidebar-layout":"no-sidebar","site-content-layout":"page-builder","ast-site-content-layout":"default","site-content-style":"default","site-sidebar-style":"default","ast-global-header-display":"","ast-banner-title-visibility":"","ast-main-header-display":"","ast-hfb-above-header-display":"","ast-hfb-below-header-display":"","ast-hfb-mobile-header-display":"","site-post-title":"disabled","ast-breadcrumbs-content":"","ast-featured-img":"disabled","footer-sml-layout":"","ast-disable-related-posts":"","theme-transparent-header-meta":"enabled","adv-header-id-meta":"","stick-header-meta":"","header-above-stick-meta":"","header-main-stick-meta":"","header-below-stick-meta":"","astra-migrate-meta-layouts":"default","ast-page-background-enabled":"default","ast-page-background-meta":{"desktop":{"background-color":"","background-image":"","background-repeat":"repeat","background-position":"center center","background-size":"auto","background-attachment":"scroll","background-type":"","background-media":"","overlay-type":"","overlay-color":"","overlay-opacity":"","overlay-gradient":""},"tablet":{"background-color":"","background-image":"","background-repeat":"repeat","background-position":"center center","background-size":"auto","background-attachment":"scroll","background-type":"","background-media":"","overlay-type":"","overlay-color":"","overlay-opacity":"","overlay-gradient":""},"mobile":{"background-color":"","background-image":"","background-repeat":"repeat","background-position":"center center","background-size":"auto","background-attachment":"scroll","background-type":"","background-media":"","overlay-type":"","overlay-color":"","overlay-opacity":"","overlay-gradient":""}},"ast-content-background-meta":{"desktop":{"background-color":"var(--ast-global-color-5)","background-image":"","background-repeat":"repeat","background-position":"center center","background-size":"auto","background-attachment":"scroll","background-type":"","background-media":"","overlay-type":"","overlay-color":"","overlay-opacity":"","overlay-gradient":""},"tablet":{"background-color":"var(--ast-global-color-5)","background-image":"","background-repeat":"repeat","background-position":"center center","background-size":"auto","background-attachment":"scroll","background-type":"","background-media":"","overlay-type":"","overlay-color":"","overlay-opacity":"","overlay-gradient":""},"mobile":{"background-color":"var(--ast-global-color-5)","background-image":"","background-repeat":"repeat","background-position":"center center","background-size":"auto","background-attachment":"scroll","background-type":"","background-media":"","overlay-type":"","overlay-color":"","overlay-opacity":"","overlay-gradient":""}},"footnotes":""},"_links":{"self":[{"href":"https:\/\/www.daichusouth.com\/en\/wp-json\/wp\/v2\/pages\/245"}],"collection":[{"href":"https:\/\/www.daichusouth.com\/en\/wp-json\/wp\/v2\/pages"}],"about":[{"href":"https:\/\/www.daichusouth.com\/en\/wp-json\/wp\/v2\/types\/page"}],"author":[{"embeddable":true,"href":"https:\/\/www.daichusouth.com\/en\/wp-json\/wp\/v2\/users\/1"}],"replies":[{"embeddable":true,"href":"https:\/\/www.daichusouth.com\/en\/wp-json\/wp\/v2\/comments?post=245"}],"version-history":[{"count":161,"href":"https:\/\/www.daichusouth.com\/en\/wp-json\/wp\/v2\/pages\/245\/revisions"}],"predecessor-version":[{"id":2159,"href":"https:\/\/www.daichusouth.com\/en\/wp-json\/wp\/v2\/pages\/245\/revisions\/2159"}],"wp:attachment":[{"href":"https:\/\/www.daichusouth.com\/en\/wp-json\/wp\/v2\/media?parent=245"}],"curies":[{"name":"wp","href":"https:\/\/api.w.org\/{rel}","templated":true}]}}