{"id":1182,"date":"2021-04-28T11:05:52","date_gmt":"2021-04-28T11:05:52","guid":{"rendered":"https:\/\/www.daichusouth.com\/home\/"},"modified":"2024-08-03T07:05:21","modified_gmt":"2024-08-03T07:05:21","slug":"home","status":"publish","type":"page","link":"https:\/\/www.daichusouth.com\/en\/","title":{"rendered":"Home"},"content":{"rendered":"<style>\/*! elementor - v3.23.0 - 25-07-2024 *\/\n.elementor-widget-image-box .elementor-image-box-content{width:100%}@media (min-width:768px){.elementor-widget-image-box.elementor-position-left .elementor-image-box-wrapper,.elementor-widget-image-box.elementor-position-right .elementor-image-box-wrapper{display:flex}.elementor-widget-image-box.elementor-position-right .elementor-image-box-wrapper{text-align:end;flex-direction:row-reverse}.elementor-widget-image-box.elementor-position-left .elementor-image-box-wrapper{text-align:start;flex-direction:row}.elementor-widget-image-box.elementor-position-top .elementor-image-box-img{margin:auto}.elementor-widget-image-box.elementor-vertical-align-top .elementor-image-box-wrapper{align-items:flex-start}.elementor-widget-image-box.elementor-vertical-align-middle .elementor-image-box-wrapper{align-items:center}.elementor-widget-image-box.elementor-vertical-align-bottom .elementor-image-box-wrapper{align-items:flex-end}}@media (max-width:767px){.elementor-widget-image-box .elementor-image-box-img{margin-left:auto!important;margin-right:auto!important;margin-bottom:15px}}.elementor-widget-image-box .elementor-image-box-img{display:inline-block}.elementor-widget-image-box .elementor-image-box-title a{color:inherit}.elementor-widget-image-box .elementor-image-box-wrapper{text-align:center}.elementor-widget-image-box .elementor-image-box-description{margin:0}<\/style>\n<h1>B\u1ea1n c\u00f3 g\u1eb7p v\u1ea5n \u0111\u1ec1 Ti\u1ebfng \u1ed2n trong kh\u00f4ng gian c\u1ee7a m\u00ecnh?<\/h1>\n<p>N\u1ebfu g\u1eb7p v\u1ea5n \u0111\u1ec1 v\u1ec1 Ti\u00eau \u00c2m v\u00e0 Ti\u1ebfng \u1ed2n kh\u00f4ng ki\u1ec3m so\u00e1t \u0111\u01b0\u1ee3c trong kh\u00f4ng gian c\u1ee7a m\u00ecnh, b\u1ea1n h\u00e3y li\u00ean h\u1ec7 v\u1edbi ch\u00fang t\u00f4i \u0111\u1ec3 \u0111\u01b0\u1ee3c h\u1ed7 tr\u1ee3 ngay.<\/p>\n<p>\t\t\t<a href=\"https:\/\/www.daichusouth.com\/contact\/\"><br \/>\n\t\t\t\t\t\t\t\t\tLi\u00ean H\u1ec7<br \/>\n\t\t\t\t\t<\/a><\/p>\n<style>\/*! elementor - v3.23.0 - 25-07-2024 *\/\n.elementor-widget-image-carousel .swiper,.elementor-widget-image-carousel .swiper-container{position:static}.elementor-widget-image-carousel .swiper-container .swiper-slide figure,.elementor-widget-image-carousel .swiper .swiper-slide figure{line-height:inherit}.elementor-widget-image-carousel .swiper-slide{text-align:center}.elementor-image-carousel-wrapper:not(.swiper-container-initialized):not(.swiper-initialized) .swiper-slide{max-width:calc(100% \/ var(--e-image-carousel-slides-to-show, 3))}<\/style>\n<figure><img decoding=\"async\" src=\"https:\/\/www.daichusouth.com\/wp-content\/uploads\/2024\/08\/P01g.jpg\" alt=\"P01g\" \/><\/figure>\n<figure><img decoding=\"async\" src=\"https:\/\/www.daichusouth.com\/wp-content\/uploads\/2024\/08\/P01h.jpg\" alt=\"P01h\" \/><\/figure>\n<figure><img decoding=\"async\" src=\"https:\/\/www.daichusouth.com\/wp-content\/uploads\/2024\/08\/P01f2.jpg\" alt=\"P01f2\" \/><\/figure>\n<style>\/*! elementor - v3.23.0 - 25-07-2024 *\/\n.elementor-widget-image{text-align:center}.elementor-widget-image a{display:inline-block}.elementor-widget-image a img[src$=\".svg\"]{width:48px}.elementor-widget-image img{vertical-align:middle;display:inline-block}<\/style>\n<p>\t\t\t\t\t\t\t\t\t\t<img decoding=\"async\" src=\"https:\/\/www.daichusouth.com\/wp-content\/uploads\/elementor\/thumbs\/P02a-q9e5oa8d76070knihrvw8xr4p8rp4z1658kg1fbslk.jpg\" title=\"P02a\" alt=\"P02a\" loading=\"lazy\" \/>\t\t\t\t\t\t\t\t\t\t\t\t\t<\/p>\n<style>\/*! elementor - v3.23.0 - 25-07-2024 *\/\n.elementor-heading-title{padding:0;margin:0;line-height:1}.elementor-widget-heading .elementor-heading-title[class*=elementor-size-]>a{color:inherit;font-size:inherit;line-height:inherit}.elementor-widget-heading .elementor-heading-title.elementor-size-small{font-size:15px}.elementor-widget-heading .elementor-heading-title.elementor-size-medium{font-size:19px}.elementor-widget-heading .elementor-heading-title.elementor-size-large{font-size:29px}.elementor-widget-heading .elementor-heading-title.elementor-size-xl{font-size:39px}.elementor-widget-heading .elementor-heading-title.elementor-size-xxl{font-size:59px}<\/style>\n<h5>Ch\u00fang ta l\u00e0 ai?<\/h5>\n<h2>DAICHU SOUTH l\u00e0 v\u0103n ph\u00f2ng ph\u00eda Nam c\u1ee7a c\u00f4ng ty Daichu Vi\u1ec7t Nam. <\/h2>\n<p>Ch\u00fang t\u00f4i l\u00e0 nh\u00e0 Ph\u00e2n Ph\u1ed1i \u0111\u01b0\u1ee3c \u1ee7y quy\u1ec1n c\u1ee7a Knauf Ceiling Solutions (\u0110\u1ee9c) &#8211; t\u1eadp \u0111o\u00e0n s\u1ea3n xu\u1ea5t Tr\u1ea7n v\u00e0 T\u01b0\u1eddng Ti\u00eau \u00e2m l\u1edbn nh\u1ea5t th\u1ebf gi\u1edbi.<\/p>\n<p>\u0110\u1ec3 bi\u1ebft th\u00eam th\u00f4ng tin:<br \/><a href=\"http:\/\/daichuvn.com\" target=\"_blank\" rel=\"noopener\"><b>Daichu Vietnam Website<\/b><\/a><br \/><a href=\"http:\/\/www.knaufceilingsolutions.com\" target=\"_blank\" rel=\"noopener\"><b>Knauf Ceiling Solutions Website<\/b><\/a><\/p>\n<p>\t\t\t<a href=\"https:\/\/www.daichusouth.com\/products\/\"><br \/>\n\t\t\t\t\t\t\t\t\tS\u1ea3n Ph\u1ea9m<br \/>\n\t\t\t\t\t<\/a><\/p>\n<h2>Ch\u00fang t\u00f4i c\u00f3 th\u1ec3 h\u1ed7 tr\u1ee3 g\u00ec?<\/h2>\n<p>\t\t\t\t\t\t\t\t\t\t\t\t\t<img decoding=\"async\" loading=\"lazy\" width=\"700\" height=\"500\" src=\"https:\/\/www.daichusouth.com\/wp-content\/uploads\/2023\/07\/P03b.jpg\" alt=\"\" srcset=\"https:\/\/www.daichusouth.com\/wp-content\/uploads\/2023\/07\/P03b.jpg 700w, https:\/\/www.daichusouth.com\/wp-content\/uploads\/2023\/07\/P03b-300x214.jpg 300w, https:\/\/www.daichusouth.com\/wp-content\/uploads\/2023\/07\/P03b-18x12.jpg 18w\" sizes=\"(max-width: 700px) 100vw, 700px\" \/>\t\t\t\t\t\t\t\t\t\t\t\t\t<\/p>\n<h4>Gi\u1ea3i ph\u00e1p Ti\u00eau \u00c2m<\/h4>\n<p>Ch\u00fang t\u00f4i ph\u00e2n ph\u1ed1i c\u00e1c s\u1ea3n ph\u1ea9m Tr\u1ea7n v\u00e0 T\u01b0\u1eddng Ti\u00eau \u00c2m \u0111\u1ea1t ch\u1ee9ng ch\u1ec9 to\u00e0n c\u1ea7u \u0111\u1ec3 gi\u1ea3i quy\u1ebft v\u1ea5n \u0111\u1ec1 Ti\u1ebfng \u1ed2n v\u00e0 nhu c\u1ea7u Ti\u00eau \u00c2m.<\/p>\n<p>\t\t\t\t\t\t\t\t\t\t\t\t\t<img decoding=\"async\" loading=\"lazy\" width=\"700\" height=\"500\" src=\"https:\/\/www.daichusouth.com\/wp-content\/uploads\/2023\/07\/P04.jpg\" alt=\"\" srcset=\"https:\/\/www.daichusouth.com\/wp-content\/uploads\/2023\/07\/P04.jpg 700w, https:\/\/www.daichusouth.com\/wp-content\/uploads\/2023\/07\/P04-300x214.jpg 300w, https:\/\/www.daichusouth.com\/wp-content\/uploads\/2023\/07\/P04-18x12.jpg 18w\" sizes=\"(max-width: 700px) 100vw, 700px\" \/>\t\t\t\t\t\t\t\t\t\t\t\t\t<\/p>\n<h4>\u00dd t\u01b0\u1edfng thi\u1ebft k\u1ebf<\/h4>\n<p>Ch\u00fang t\u00f4i c\u00f3 r\u1ea5t nhi\u1ec1u d\u1ef1 \u00e1n cung c\u1ea5p th\u00e0nh c\u00f4ng trong v\u00e0 ngo\u00e0i n\u01b0\u1edbc \u0111\u1ec3 b\u1ea1n tham kh\u1ea3o.<\/p>\n<p>\t\t\t\t\t\t\t\t\t\t\t\t\t<img decoding=\"async\" loading=\"lazy\" width=\"700\" height=\"500\" src=\"https:\/\/www.daichusouth.com\/wp-content\/uploads\/2023\/07\/P05.jpg\" alt=\"\" srcset=\"https:\/\/www.daichusouth.com\/wp-content\/uploads\/2023\/07\/P05.jpg 700w, https:\/\/www.daichusouth.com\/wp-content\/uploads\/2023\/07\/P05-300x214.jpg 300w, https:\/\/www.daichusouth.com\/wp-content\/uploads\/2023\/07\/P05-18x12.jpg 18w\" sizes=\"(max-width: 700px) 100vw, 700px\" \/>\t\t\t\t\t\t\t\t\t\t\t\t\t<\/p>\n<h4>Thi c\u00f4ng<\/h4>\n<p>Cung t\u00f4i cung c\u1ea5p d\u1ecbch v\u1ee5 thi c\u00f4ng t\u1ed1t nh\u1ea5t cho d\u1ef1 \u00e1n t\u00e2m huy\u1ebft c\u1ee7a b\u1ea1n.<\/p>\n<p>\t\t\t<a href=\"https:\/\/www.daichusouth.com\/gallery\/\"><br \/>\n\t\t\t\t\t\t\t\t\tH\u00ecnh \u1ea2nh<br \/>\n\t\t\t\t\t<\/a><\/p>\n<h2>B\u1ea1n c\u00f3 th\u1eafc m\u1eafc?<\/h2>\n<p>M\u1ecdi th\u1eafc m\u1eafc v\u1ec1 s\u1ea3n ph\u1ea9m v\u00e0 y\u00eau c\u1ea7u b\u00e1o gi\u00e1, vui l\u00f2ng g\u1ecdi tr\u1ef1c ti\u1ebfp \u0111\u1ebfn s\u1ed1 n\u00e0y:<\/p>\n<h2>(+84) 0938156903<\/h2>\n<p>\t\t\t\t\t\t\t\t\t\t\t\t\t<img decoding=\"async\" src=\"https:\/\/www.daichusouth.com\/wp-content\/uploads\/elementor\/thumbs\/P06-q9b621u4mq0q7ftugajpu15a9xw8w42hq6h9zxleo8.jpg\" title=\"P06\" alt=\"P06\" loading=\"lazy\" \/>\t\t\t\t\t\t\t\t\t\t\t\t\t<\/p>\n<h2>M\u1ed9t s\u1ed1 d\u1ef1 \u00e1n tham kh\u1ea3o<\/h2>\n<p>\t\t\t\t\t\t\t\t\t\t\t\t\t<img decoding=\"async\" loading=\"lazy\" width=\"500\" height=\"500\" src=\"https:\/\/www.daichusouth.com\/wp-content\/uploads\/2023\/07\/P07a.jpg\" alt=\"\" srcset=\"https:\/\/www.daichusouth.com\/wp-content\/uploads\/2023\/07\/P07a.jpg 500w, https:\/\/www.daichusouth.com\/wp-content\/uploads\/2023\/07\/P07a-300x300.jpg 300w, https:\/\/www.daichusouth.com\/wp-content\/uploads\/2023\/07\/P07a-150x150.jpg 150w, https:\/\/www.daichusouth.com\/wp-content\/uploads\/2023\/07\/P07a-12x12.jpg 12w\" sizes=\"(max-width: 500px) 100vw, 500px\" \/><br \/>\n\t\t\t\t\t\t\t\t\t\t\t\t\t<img decoding=\"async\" loading=\"lazy\" width=\"300\" height=\"450\" src=\"https:\/\/www.daichusouth.com\/wp-content\/uploads\/2023\/07\/P07b.jpg\" alt=\"\" srcset=\"https:\/\/www.daichusouth.com\/wp-content\/uploads\/2023\/07\/P07b.jpg 300w, https:\/\/www.daichusouth.com\/wp-content\/uploads\/2023\/07\/P07b-200x300.jpg 200w, https:\/\/www.daichusouth.com\/wp-content\/uploads\/2023\/07\/P07b-8x12.jpg 8w\" sizes=\"(max-width: 300px) 100vw, 300px\" \/><br \/>\n\t\t\t\t\t\t\t\t\t\t\t\t\t<img decoding=\"async\" loading=\"lazy\" width=\"300\" height=\"450\" src=\"https:\/\/www.daichusouth.com\/wp-content\/uploads\/2023\/07\/P07c.jpg\" alt=\"\" srcset=\"https:\/\/www.daichusouth.com\/wp-content\/uploads\/2023\/07\/P07c.jpg 300w, https:\/\/www.daichusouth.com\/wp-content\/uploads\/2023\/07\/P07c-200x300.jpg 200w, https:\/\/www.daichusouth.com\/wp-content\/uploads\/2023\/07\/P07c-8x12.jpg 8w\" sizes=\"(max-width: 300px) 100vw, 300px\" \/><br \/>\n\t\t\t\t\t\t\t\t\t\t\t\t\t<img decoding=\"async\" loading=\"lazy\" width=\"500\" height=\"350\" src=\"https:\/\/www.daichusouth.com\/wp-content\/uploads\/2023\/07\/P07d.jpg\" alt=\"\" srcset=\"https:\/\/www.daichusouth.com\/wp-content\/uploads\/2023\/07\/P07d.jpg 500w, https:\/\/www.daichusouth.com\/wp-content\/uploads\/2023\/07\/P07d-300x210.jpg 300w, https:\/\/www.daichusouth.com\/wp-content\/uploads\/2023\/07\/P07d-18x12.jpg 18w\" sizes=\"(max-width: 500px) 100vw, 500px\" \/><br \/>\n\t\t\t\t\t\t\t\t\t\t\t\t\t<img decoding=\"async\" loading=\"lazy\" width=\"500\" height=\"350\" src=\"https:\/\/www.daichusouth.com\/wp-content\/uploads\/2023\/07\/P07e.jpg\" alt=\"\" srcset=\"https:\/\/www.daichusouth.com\/wp-content\/uploads\/2023\/07\/P07e.jpg 500w, https:\/\/www.daichusouth.com\/wp-content\/uploads\/2023\/07\/P07e-300x210.jpg 300w, https:\/\/www.daichusouth.com\/wp-content\/uploads\/2023\/07\/P07e-18x12.jpg 18w\" sizes=\"(max-width: 500px) 100vw, 500px\" \/><br \/>\n\t\t\t\t\t\t\t\t\t\t\t\t\t<img decoding=\"async\" loading=\"lazy\" width=\"600\" height=\"742\" src=\"https:\/\/www.daichusouth.com\/wp-content\/uploads\/2023\/07\/P07f.jpg\" alt=\"\" srcset=\"https:\/\/www.daichusouth.com\/wp-content\/uploads\/2023\/07\/P07f.jpg 600w, https:\/\/www.daichusouth.com\/wp-content\/uploads\/2023\/07\/P07f-243x300.jpg 243w, https:\/\/www.daichusouth.com\/wp-content\/uploads\/2023\/07\/P07f-10x12.jpg 10w\" sizes=\"(max-width: 600px) 100vw, 600px\" \/><br \/>\n\t\t\t\t\t\t\t\t\t\t\t\t\t<img decoding=\"async\" loading=\"lazy\" width=\"300\" height=\"450\" src=\"https:\/\/www.daichusouth.com\/wp-content\/uploads\/2023\/07\/P07g.jpg\" alt=\"\" srcset=\"https:\/\/www.daichusouth.com\/wp-content\/uploads\/2023\/07\/P07g.jpg 300w, https:\/\/www.daichusouth.com\/wp-content\/uploads\/2023\/07\/P07g-200x300.jpg 200w, https:\/\/www.daichusouth.com\/wp-content\/uploads\/2023\/07\/P07g-8x12.jpg 8w\" sizes=\"(max-width: 300px) 100vw, 300px\" \/><br \/>\n\t\t\t\t\t\t\t\t\t\t\t\t\t<img decoding=\"async\" loading=\"lazy\" width=\"600\" height=\"400\" src=\"https:\/\/www.daichusouth.com\/wp-content\/uploads\/2023\/07\/P07h.jpg\" alt=\"\" srcset=\"https:\/\/www.daichusouth.com\/wp-content\/uploads\/2023\/07\/P07h.jpg 600w, https:\/\/www.daichusouth.com\/wp-content\/uploads\/2023\/07\/P07h-300x200.jpg 300w, https:\/\/www.daichusouth.com\/wp-content\/uploads\/2023\/07\/P07h-18x12.jpg 18w\" sizes=\"(max-width: 600px) 100vw, 600px\" \/><br \/>\n\t\t\t\t\t\t\t\t\t\t\t\t\t<img decoding=\"async\" loading=\"lazy\" width=\"400\" height=\"400\" src=\"https:\/\/www.daichusouth.com\/wp-content\/uploads\/2023\/07\/P07i.jpg\" alt=\"\" srcset=\"https:\/\/www.daichusouth.com\/wp-content\/uploads\/2023\/07\/P07i.jpg 400w, https:\/\/www.daichusouth.com\/wp-content\/uploads\/2023\/07\/P07i-300x300.jpg 300w, https:\/\/www.daichusouth.com\/wp-content\/uploads\/2023\/07\/P07i-150x150.jpg 150w, https:\/\/www.daichusouth.com\/wp-content\/uploads\/2023\/07\/P07i-12x12.jpg 12w\" sizes=\"(max-width: 400px) 100vw, 400px\" \/><br \/>\n\t\t\t\t\t\t\t\t\t\t\t\t\t<img decoding=\"async\" loading=\"lazy\" width=\"500\" height=\"350\" src=\"https:\/\/www.daichusouth.com\/wp-content\/uploads\/2023\/07\/P07j.jpg\" alt=\"\" srcset=\"https:\/\/www.daichusouth.com\/wp-content\/uploads\/2023\/07\/P07j.jpg 500w, https:\/\/www.daichusouth.com\/wp-content\/uploads\/2023\/07\/P07j-300x210.jpg 300w, https:\/\/www.daichusouth.com\/wp-content\/uploads\/2023\/07\/P07j-18x12.jpg 18w\" sizes=\"(max-width: 500px) 100vw, 500px\" \/><br \/>\n\t\t\t\t\t\t\t\t\t\t\t\t\t<img decoding=\"async\" src=\"https:\/\/www.daichusouth.com\/wp-content\/uploads\/elementor\/thumbs\/P08a-q9e5ulpdks7bd13zr6l16addrh5dngla94mmf9v0qw.jpg\" title=\"P08a\" alt=\"P08a\" loading=\"lazy\" \/>\t\t\t\t\t\t\t\t\t\t\t\t\t<\/p>\n<h2>\u0110\u1eebng ng\u1ea7n ng\u1ea1i li\u00ean h\u1ec7 v\u1edbi ch\u00fang t\u00f4i.<\/h2>\n<p>\t\t\t<a href=\"https:\/\/www.daichusouth.com\/contact\/\"><br \/>\n\t\t\t\t\t\t\t\t\tLi\u00ean H\u1ec7<br \/>\n\t\t\t\t\t<\/a><\/p>\n","protected":false},"excerpt":{"rendered":"<p>B\u1ea1n c\u00f3 g\u1eb7p v\u1ea5n \u0111\u1ec1 Ti\u1ebfng \u1ed2n trong kh\u00f4ng gian c\u1ee7a m\u00ecnh? N\u1ebfu g\u1eb7p v\u1ea5n \u0111\u1ec1 v\u1ec1 Ti\u00eau \u00c2m v\u00e0 Ti\u1ebfng \u1ed2n kh\u00f4ng ki\u1ec3m so\u00e1t \u0111\u01b0\u1ee3c trong kh\u00f4ng gian c\u1ee7a m\u00ecnh, b\u1ea1n h\u00e3y li\u00ean h\u1ec7 v\u1edbi ch\u00fang t\u00f4i \u0111\u1ec3 \u0111\u01b0\u1ee3c h\u1ed7 tr\u1ee3 ngay. Li\u00ean H\u1ec7 Ch\u00fang ta l\u00e0 ai? DAICHU SOUTH l\u00e0 v\u0103n ph\u00f2ng ph\u00eda [&hellip;]<\/p>\n","protected":false},"author":1,"featured_media":0,"parent":0,"menu_order":0,"comment_status":"closed","ping_status":"closed","template":"","meta":{"site-sidebar-layout":"no-sidebar","site-content-layout":"page-builder","ast-site-content-layout":"default","site-content-style":"default","site-sidebar-style":"default","ast-global-header-display":"","ast-banner-title-visibility":"","ast-main-header-display":"","ast-hfb-above-header-display":"","ast-hfb-below-header-display":"","ast-hfb-mobile-header-display":"","site-post-title":"disabled","ast-breadcrumbs-content":"","ast-featured-img":"disabled","footer-sml-layout":"","ast-disable-related-posts":"","theme-transparent-header-meta":"enabled","adv-header-id-meta":"","stick-header-meta":"","header-above-stick-meta":"","header-main-stick-meta":"","header-below-stick-meta":"","astra-migrate-meta-layouts":"default","ast-page-background-enabled":"default","ast-page-background-meta":{"desktop":{"background-color":"","background-image":"","background-repeat":"repeat","background-position":"center center","background-size":"auto","background-attachment":"scroll","background-type":"","background-media":"","overlay-type":"","overlay-color":"","overlay-opacity":"","overlay-gradient":""},"tablet":{"background-color":"","background-image":"","background-repeat":"repeat","background-position":"center center","background-size":"auto","background-attachment":"scroll","background-type":"","background-media":"","overlay-type":"","overlay-color":"","overlay-opacity":"","overlay-gradient":""},"mobile":{"background-color":"","background-image":"","background-repeat":"repeat","background-position":"center center","background-size":"auto","background-attachment":"scroll","background-type":"","background-media":"","overlay-type":"","overlay-color":"","overlay-opacity":"","overlay-gradient":""}},"ast-content-background-meta":{"desktop":{"background-color":"var(--ast-global-color-5)","background-image":"","background-repeat":"repeat","background-position":"center center","background-size":"auto","background-attachment":"scroll","background-type":"","background-media":"","overlay-type":"","overlay-color":"","overlay-opacity":"","overlay-gradient":""},"tablet":{"background-color":"var(--ast-global-color-5)","background-image":"","background-repeat":"repeat","background-position":"center center","background-size":"auto","background-attachment":"scroll","background-type":"","background-media":"","overlay-type":"","overlay-color":"","overlay-opacity":"","overlay-gradient":""},"mobile":{"background-color":"var(--ast-global-color-5)","background-image":"","background-repeat":"repeat","background-position":"center center","background-size":"auto","background-attachment":"scroll","background-type":"","background-media":"","overlay-type":"","overlay-color":"","overlay-opacity":"","overlay-gradient":""}},"footnotes":""},"_links":{"self":[{"href":"https:\/\/www.daichusouth.com\/en\/wp-json\/wp\/v2\/pages\/1182"}],"collection":[{"href":"https:\/\/www.daichusouth.com\/en\/wp-json\/wp\/v2\/pages"}],"about":[{"href":"https:\/\/www.daichusouth.com\/en\/wp-json\/wp\/v2\/types\/page"}],"author":[{"embeddable":true,"href":"https:\/\/www.daichusouth.com\/en\/wp-json\/wp\/v2\/users\/1"}],"replies":[{"embeddable":true,"href":"https:\/\/www.daichusouth.com\/en\/wp-json\/wp\/v2\/comments?post=1182"}],"version-history":[{"count":256,"href":"https:\/\/www.daichusouth.com\/en\/wp-json\/wp\/v2\/pages\/1182\/revisions"}],"predecessor-version":[{"id":2184,"href":"https:\/\/www.daichusouth.com\/en\/wp-json\/wp\/v2\/pages\/1182\/revisions\/2184"}],"wp:attachment":[{"href":"https:\/\/www.daichusouth.com\/en\/wp-json\/wp\/v2\/media?parent=1182"}],"curies":[{"name":"wp","href":"https:\/\/api.w.org\/{rel}","templated":true}]}}